{"id":3,"date":"2021-04-21T08:42:26","date_gmt":"2021-04-21T08:42:26","guid":{"rendered":"http:\/\/pferdepraxis-sigrunklose.de\/?page_id=3"},"modified":"2021-06-02T08:05:19","modified_gmt":"2021-06-02T08:05:19","slug":"privacy-policy","status":"publish","type":"page","link":"https:\/\/pferdepraxis-sigrunklose.de\/index.php\/privacy-policy\/","title":{"rendered":"Privacy Policy"},"content":{"rendered":"<div class=\"fusion-fullwidth fullwidth-box fusion-builder-row-1 fusion-flex-container nonhundred-percent-fullwidth non-hundred-percent-height-scrolling\" style=\"--awb-border-radius-top-left:0px;--awb-border-radius-top-right:0px;--awb-border-radius-bottom-right:0px;--awb-border-radius-bottom-left:0px;--awb-flex-wrap:wrap;\" ><div class=\"fusion-builder-row fusion-row fusion-flex-align-items-flex-start fusion-flex-content-wrap\" style=\"max-width:1435.2px;margin-left: calc(-4% \/ 2 );margin-right: calc(-4% \/ 2 );\"><div class=\"fusion-layout-column fusion_builder_column fusion-builder-column-0 fusion_builder_column_1_1 1_1 fusion-flex-column\" style=\"--awb-bg-size:cover;--awb-width-large:100%;--awb-margin-top-large:0px;--awb-spacing-right-large:1.92%;--awb-margin-bottom-large:0px;--awb-spacing-left-large:1.92%;--awb-width-medium:100%;--awb-spacing-right-medium:1.92%;--awb-spacing-left-medium:1.92%;--awb-width-small:100%;--awb-spacing-right-small:1.92%;--awb-spacing-left-small:1.92%;\"><div class=\"fusion-column-wrapper fusion-flex-justify-content-flex-start fusion-content-layout-column\"><div class=\"fusion-text fusion-text-1\"><\/p>\n<p><strong>Datenschutzerkl\u00e4rung<\/strong><strong><br>Geltungsbereich<br><\/strong>Diese Datenschutzerkl\u00e4rung kl\u00e4rt Nutzer \u00fcber die Art, den Umfang und Zwecke der Erhebung und Verwendung personenbezogener Daten durch die verantwortliche Anbieterin Pferdepraxis Sigrun Klose, Redesweg 1, 27628 Sandstedt auf dieser Website (im folgenden \u201cAngebot\u201d) auf.<br>Die rechtlichen Grundlagen des Datenschutzes finden sich im Bundesdatenschutzgesetz (BDSG) und dem Telemediengesetz (TMG).<\/p>\n<p><b>Datenschutzhinweis<\/b><br>Die Rechtsgrundlage der Datenverarbeitung auf dieser Homepage ist Art. 6 Abs. 1 DSGVO. Die \u00dcbermittlung s\u00e4mtlicher Daten ist derzeit noch ungesichert, d. h. sie erfolgt nicht \u00fcber eine https-Verbindung. Daher k\u00f6nnten die \u00fcbermittelten Daten auch unbefugten Dritten zur Kenntnis gelangen.<br>S\u00e4mtliche erhobene Daten (s. u.) werden zum Zweck der Nutzung dieser Homepage und zum Schutz der Rechte und des (auch geistigen) Eigentums des Herausgebers verarbeitet. Diese Daten werden auch verarbeitet, um den Aufbau sowie die Aufrechterhaltung der Verbindung sowie ein problemloses Surfen auf dieser Homepage gew\u00e4hrleisten zu k\u00f6nnen. Die Datenverarbeitung erfolgt ebenso f\u00fcr administrative Zwecke zur Auswertung von Nutzungsstatistiken.<br>Die benannten Zwecke begr\u00fcnden im Weiteren das Herausgeberinteresse an der Datenverarbeitung durch Nutzung dieser Homepage an sich.<br>S\u00e4mtliche erhobene Daten und Informationen werden nicht genutzt, um den Nutzer dieser Homepage pers\u00f6nlich zu identifizieren, es sei denn, er tritt \u00fcber die auf der Webseite angebotenen digitalen M\u00f6glichkeiten mit dem Herausgeber in Kontakt.<br>Um die Nutzerdaten gegen zuf\u00e4llige oder vors\u00e4tzliche Manipulationen, teilweisen oder vollst\u00e4ndigen Verlust, Zerst\u00f6rung oder gegen den unbefugten Zugriff Dritter zu sch\u00fctzen, kommen im Zugriffsbereich geeignete technische und organisatorische Sicherheitsma\u00dfnahmen zum Einsatz (Art. 25 DSGVO).<br>Auf dieser Homepage befinden sich Verlinkungen zu anderen Webseiten im Internet. Mit Anklicken dieser Verlinkungen verl\u00e4sst der Nutzer diese Homepage. Der Herausgeber dieser Homepage \u00fcbernimmt keine Haftung f\u00fcr Rechtsverletzungen, dahingestellt aus welchem Rechtsgrund, die mit dem Anklicken der Verlinkungen sowie dem Verlassen dieser Homepage einhergehen k\u00f6nnten. Insbesondere haftet der Herausgeber nicht f\u00fcr Datenschutzverletzungen, die sich allein durch Anklicken oder Mausber\u00fchrung der Verlinkungen sowie dar\u00fcber hinaus durch Besuch der extern verlinkten Seiten ergeben.<br>Beim Aufrufen dieser Homepage werden durch den vom Nutzer verwendeten Browser automatisch verschiedene Informationen an den Server, von dem diese Homepage in dem Moment abgerufen wird, \u00fcbertragen. Diese werden zumindest zeitweilig in einer Speicherdatei auf dem Server erfasst, einem sogenannten Log-File. Davon unbenommen sind Daten, die der Internetprovider des Nutzers auf gesetzlicher oder sonstiger Basis vom Nutzer erfasst und eventuell speichert. Vorbenannte Informationen sind z. B. die IP-Adresse des Nutzer-Endger\u00e4tes, Datum und Uhrzeit des Zugriffs, Name und Internetadresse der abgerufenen Dateien, die Ursprungswebseite, von der aus der Zugriff erfolgt, der zugreifende Browser und das Betriebssystem des Zugriffger\u00e4tes sowie der Name des Access-Providers des Nutzers.<br>Auf dieser Homepage wird die M\u00f6glichkeit des Direktkontaktes \u00fcber ein entsprechendes Formular geboten, in dem der Nutzer seine Daten freiwillig eintragen kann. Dazu geh\u00f6rt auch eine vom Nutzer anzugebende E-Mailadresse oder Telefonnummer, die als Pflichtfeld gekennzeichnet sind, da der gew\u00fcnschte Kontakt sonst nicht hergestellt werden kann. Mit dem Eintrag und der Best\u00e4tigung des Opt-Ins zur Kontaktaufnahme erteilt der Nutzer dem Herausgeber die freiwillige Einwilligung zu dieser Kontaktaufnahme nach Art. 6 Abs. 1 Satz 1 a) DSGVO. Die \u00fcbermittelten Kontaktdaten werden gel\u00f6scht, wenn die Nutzeranfrage abschlie\u00dfend bearbeitet wurde, bzw. unabh\u00e4ngig von einer erfolgten Kontaktaufnahme automatisch sp\u00e4testens nach einem Monat.<\/p>\n<p><b>Weiterhin hat der Nutzer als Betroffene(r) folgende Rechte:<\/b><br>Der Nutzer kann gem\u00e4\u00df Art. 15 DSGVO Auskunft \u00fcber seine vom Herausgeber verarbeiteten personenbezogenen Daten verlangen. Dies betrifft besonders den Verarbeitungszweck, die Kategorie der personenbezogenen Daten, die Kategorien von Empf\u00e4ngern, denen die Nutzerdaten \u00fcbermittelt werden, die Speicherdauer der Nutzerdaten, die Nutzerrechte auf Berichtigung (Art. 16 DSGVO), L\u00f6schung (Art. 17 DSGVO), Einschr\u00e4nkung der Verarbeitung (Art. 18 DSGVO) oder Widerspruch (Art. 21 DSGVO) sowie das Bestehen eines Beschwerderechts (Art. 77 DSGVO).<br>Au\u00dferdem hat der Nutzer das Recht auf Daten\u00fcbertragbarkeit (Art. 20 DSGVO), das hei\u00dft \u00dcbermittlung der vom Nutzer bereitgestellten Daten durch den Herausgeber der Seite in einem strukturierten, g\u00e4ngigen und maschinenlesebaren Format an sich selbst oder an einen anderen Verantwortlichen.<br>Sollte der Nutzer dem Herausgeber eine Einwilligung zur Datenerhebung erteilt haben, kann diese gem\u00e4\u00df Art. 7 Abs. 3 DSGVO jederzeit widerrufen oder abge\u00e4ndert werden. Dies hat zur Folge, dass die Datenverarbeitung, die auf dieser Einwilligung beruhte, f\u00fcr die Zukunft nicht mehr in der vormaligen Weise fortgef\u00fchrt werden darf.<\/p>\n<p><strong>Kontaktaufnahme<\/strong><strong><br><\/strong>Bei der Kontaktaufnahme mit dem Anbieter (zum Beispiel per Kontaktformular oder E-Mail) werden die Angaben des Nutzers zwecks Bearbeitung der Anfrage sowie f\u00fcr den Fall, dass Anschlussfragen entstehen, gespeichert.<\/p>\n<p><strong>Cookies<\/strong><strong><br><\/strong>Cookies sind kleine Dateien, die es erm\u00f6glichen, auf dem Zugriffsger\u00e4t der Nutzer (PC, Smartphone o.\u00e4.) spezifische, auf das Ger\u00e4t bezogene Informationen zu speichern. Sie dienen zum einem der Benutzerfreundlichkeit von Webseiten und damit den Nutzern (z.B. Speicherung von Logindaten). Zum anderen dienen sie, um die statistische Daten der Webseitennutzung zu erfassen und sie zwecks Verbesserung des Angebotes analysieren zu k\u00f6nnen. Die Nutzer k\u00f6nnen auf den Einsatz der Cookies Einfluss nehmen. Die meisten Browser verf\u00fcgen eine Option mit der das Speichern von Cookies eingeschr\u00e4nkt oder komplett verhindert wird. Allerdings wird darauf hingewiesen, dass die Nutzung und insbesondere der Nutzungskomfort ohne Cookies eingeschr\u00e4nkt werden.<br>Sie k\u00f6nnen viele Online-Anzeigen-Cookies von Unternehmen \u00fcber die US-amerikanische Seite http:\/\/www.aboutads.info\/choices\/ oder die EU-Seite http:\/\/www.youronlinechoices.com\/uk\/your-ad-choices\/ verwalten.<\/p>\n<p><strong>Widerruf, \u00c4nderungen, Berichtigungen und Aktualisierungen<\/strong><br>Der Nutzer hat das Recht, auf Antrag unentgeltlich Auskunft zu erhalten \u00fcber die personenbezogenen Daten, die \u00fcber ihn gespeichert wurden. Zus\u00e4tzlich hat der Nutzer das Recht auf Berichtigung unrichtiger Daten, Sperrung und L\u00f6schung seiner personenbezogenen Daten, soweit dem keine gesetzliche Aufbewahrungspflicht entgegensteht.<\/p>\n<\/p>\n<p><br><\/p><\/p>\n<\/div><\/div><\/div><\/div><\/div>","protected":false},"excerpt":{"rendered":"","protected":false},"author":1,"featured_media":0,"parent":0,"menu_order":0,"comment_status":"closed","ping_status":"open","template":"","meta":{"footnotes":""},"class_list":["post-3","page","type-page","status-publish","hentry"],"_links":{"self":[{"href":"https:\/\/pferdepraxis-sigrunklose.de\/index.php\/wp-json\/wp\/v2\/pages\/3","targetHints":{"allow":["GET"]}}],"collection":[{"href":"https:\/\/pferdepraxis-sigrunklose.de\/index.php\/wp-json\/wp\/v2\/pages"}],"about":[{"href":"https:\/\/pferdepraxis-sigrunklose.de\/index.php\/wp-json\/wp\/v2\/types\/page"}],"author":[{"embeddable":true,"href":"https:\/\/pferdepraxis-sigrunklose.de\/index.php\/wp-json\/wp\/v2\/users\/1"}],"replies":[{"embeddable":true,"href":"https:\/\/pferdepraxis-sigrunklose.de\/index.php\/wp-json\/wp\/v2\/comments?post=3"}],"version-history":[{"count":2,"href":"https:\/\/pferdepraxis-sigrunklose.de\/index.php\/wp-json\/wp\/v2\/pages\/3\/revisions"}],"predecessor-version":[{"id":1403,"href":"https:\/\/pferdepraxis-sigrunklose.de\/index.php\/wp-json\/wp\/v2\/pages\/3\/revisions\/1403"}],"wp:attachment":[{"href":"https:\/\/pferdepraxis-sigrunklose.de\/index.php\/wp-json\/wp\/v2\/media?parent=3"}],"curies":[{"name":"wp","href":"https:\/\/api.w.org\/{rel}","templated":true}]}}